{"id":9,"date":"2022-05-30T16:36:25","date_gmt":"2022-05-30T16:36:25","guid":{"rendered":"https:\/\/rbx.assinecarta.com.br\/?page_id=9"},"modified":"2026-04-07T10:14:44","modified_gmt":"2026-04-07T13:14:44","slug":"assine-cartacapital","status":"publish","type":"page","link":"https:\/\/assinecarta.com.br\/","title":{"rendered":"Assine CartaCapital"},"content":{"rendered":"<p>&nbsp;<\/p>\n<div id=\"professor_prebid-root\"><\/div>\n<div id=\"professor_prebid-root\"><\/div>\n<div id=\"professor_prebid-root\"><\/div>\n<div id=\"professor_prebid-root\"><\/div>\n<div id=\"professor_prebid-root\"><\/div>\n","protected":false},"excerpt":{"rendered":"<p>&nbsp;<\/p>\n","protected":false},"author":1,"featured_media":0,"parent":0,"menu_order":0,"comment_status":"closed","ping_status":"closed","template":"","meta":[],"yoast_head":"<!-- This site is optimized with the Yoast SEO plugin v19.0 - https:\/\/yoast.com\/wordpress\/plugins\/seo\/ -->\n<title>Assine CartaCapital - Assine CartaCapital<\/title>\n<meta name=\"description\" content=\"Assine CartaCapital e tenha acesso a jornalismo independente, an\u00e1lises profundas e reportagens exclusivas. Planos digitais e impressos com benef\u00edcios especiais. Garanta j\u00e1 sua assinatura!\" \/>\n<meta name=\"robots\" content=\"index, follow, max-snippet:-1, max-image-preview:large, max-video-preview:-1\" \/>\n<link rel=\"canonical\" href=\"https:\/\/assinecarta.com.br\/\" \/>\n<meta property=\"og:locale\" content=\"en_US\" \/>\n<meta property=\"og:type\" content=\"article\" \/>\n<meta property=\"og:title\" content=\"Assine CartaCapital - Assine CartaCapital\" \/>\n<meta property=\"og:description\" content=\"Assine CartaCapital e tenha acesso a jornalismo independente, an\u00e1lises profundas e reportagens exclusivas. Planos digitais e impressos com benef\u00edcios especiais. Garanta j\u00e1 sua assinatura!\" \/>\n<meta property=\"og:url\" content=\"https:\/\/assinecarta.com.br\/\" \/>\n<meta property=\"og:site_name\" content=\"Assine CartaCapital\" \/>\n<meta property=\"article:publisher\" content=\"https:\/\/www.facebook.com\/CartaCapital\" \/>\n<meta property=\"article:modified_time\" content=\"2026-04-07T13:14:44+00:00\" \/>\n<meta name=\"twitter:card\" content=\"summary_large_image\" \/>\n<meta name=\"twitter:site\" content=\"@cartacapital\" \/>\n<script type=\"application\/ld+json\" class=\"yoast-schema-graph\">{\"@context\":\"https:\/\/schema.org\",\"@graph\":[{\"@type\":\"Organization\",\"@id\":\"https:\/\/assinecarta.com.br\/#organization\",\"name\":\"CartaCapital\",\"url\":\"https:\/\/assinecarta.com.br\/\",\"sameAs\":[\"https:\/\/www.facebook.com\/CartaCapital\",\"https:\/\/twitter.com\/cartacapital\"],\"logo\":{\"@type\":\"ImageObject\",\"inLanguage\":\"en-US\",\"@id\":\"https:\/\/assinecarta.com.br\/#\/schema\/logo\/image\/\",\"url\":\"https:\/\/assinecarta.com.br\/app\/uploads\/2022\/06\/cartacapital.png\",\"contentUrl\":\"https:\/\/assinecarta.com.br\/app\/uploads\/2022\/06\/cartacapital.png\",\"width\":512,\"height\":512,\"caption\":\"CartaCapital\"},\"image\":{\"@id\":\"https:\/\/assinecarta.com.br\/#\/schema\/logo\/image\/\"}},{\"@type\":\"WebSite\",\"@id\":\"https:\/\/assinecarta.com.br\/#website\",\"url\":\"https:\/\/assinecarta.com.br\/\",\"name\":\"Assine CartaCapital\",\"description\":\"Junte-se a n\u00f3s! Assine e contribua para a reconstru\u00e7\u00e3o democr\u00e1tica do Brasil.\",\"publisher\":{\"@id\":\"https:\/\/assinecarta.com.br\/#organization\"},\"potentialAction\":[{\"@type\":\"SearchAction\",\"target\":{\"@type\":\"EntryPoint\",\"urlTemplate\":\"https:\/\/assinecarta.com.br\/?s={search_term_string}\"},\"query-input\":\"required name=search_term_string\"}],\"inLanguage\":\"en-US\"},{\"@type\":\"WebPage\",\"@id\":\"https:\/\/assinecarta.com.br\/#webpage\",\"url\":\"https:\/\/assinecarta.com.br\/\",\"name\":\"Assine CartaCapital - Assine CartaCapital\",\"isPartOf\":{\"@id\":\"https:\/\/assinecarta.com.br\/#website\"},\"datePublished\":\"2022-05-30T16:36:25+00:00\",\"dateModified\":\"2026-04-07T13:14:44+00:00\",\"description\":\"Assine CartaCapital e tenha acesso a jornalismo independente, an\u00e1lises profundas e reportagens exclusivas. Planos digitais e impressos com benef\u00edcios especiais. Garanta j\u00e1 sua assinatura!\",\"breadcrumb\":{\"@id\":\"https:\/\/assinecarta.com.br\/#breadcrumb\"},\"inLanguage\":\"en-US\",\"potentialAction\":[{\"@type\":\"ReadAction\",\"target\":[\"https:\/\/assinecarta.com.br\/\"]}]},{\"@type\":\"BreadcrumbList\",\"@id\":\"https:\/\/assinecarta.com.br\/#breadcrumb\",\"itemListElement\":[{\"@type\":\"ListItem\",\"position\":1,\"name\":\"Home\",\"item\":\"https:\/\/assinecarta.com.br\/\"},{\"@type\":\"ListItem\",\"position\":2,\"name\":\"Assine CartaCapital\"}]}]}<\/script>\n<!-- \/ Yoast SEO plugin. -->","yoast_head_json":{"title":"Assine CartaCapital - Assine CartaCapital","description":"Assine CartaCapital e tenha acesso a jornalismo independente, an\u00e1lises profundas e reportagens exclusivas. Planos digitais e impressos com benef\u00edcios especiais. Garanta j\u00e1 sua assinatura!","robots":{"index":"index","follow":"follow","max-snippet":"max-snippet:-1","max-image-preview":"max-image-preview:large","max-video-preview":"max-video-preview:-1"},"canonical":"https:\/\/assinecarta.com.br\/","og_locale":"en_US","og_type":"article","og_title":"Assine CartaCapital - Assine CartaCapital","og_description":"Assine CartaCapital e tenha acesso a jornalismo independente, an\u00e1lises profundas e reportagens exclusivas. Planos digitais e impressos com benef\u00edcios especiais. Garanta j\u00e1 sua assinatura!","og_url":"https:\/\/assinecarta.com.br\/","og_site_name":"Assine CartaCapital","article_publisher":"https:\/\/www.facebook.com\/CartaCapital","article_modified_time":"2026-04-07T13:14:44+00:00","twitter_card":"summary_large_image","twitter_site":"@cartacapital","schema":{"@context":"https:\/\/schema.org","@graph":[{"@type":"Organization","@id":"https:\/\/assinecarta.com.br\/#organization","name":"CartaCapital","url":"https:\/\/assinecarta.com.br\/","sameAs":["https:\/\/www.facebook.com\/CartaCapital","https:\/\/twitter.com\/cartacapital"],"logo":{"@type":"ImageObject","inLanguage":"en-US","@id":"https:\/\/assinecarta.com.br\/#\/schema\/logo\/image\/","url":"https:\/\/assinecarta.com.br\/app\/uploads\/2022\/06\/cartacapital.png","contentUrl":"https:\/\/assinecarta.com.br\/app\/uploads\/2022\/06\/cartacapital.png","width":512,"height":512,"caption":"CartaCapital"},"image":{"@id":"https:\/\/assinecarta.com.br\/#\/schema\/logo\/image\/"}},{"@type":"WebSite","@id":"https:\/\/assinecarta.com.br\/#website","url":"https:\/\/assinecarta.com.br\/","name":"Assine CartaCapital","description":"Junte-se a n\u00f3s! Assine e contribua para a reconstru\u00e7\u00e3o democr\u00e1tica do Brasil.","publisher":{"@id":"https:\/\/assinecarta.com.br\/#organization"},"potentialAction":[{"@type":"SearchAction","target":{"@type":"EntryPoint","urlTemplate":"https:\/\/assinecarta.com.br\/?s={search_term_string}"},"query-input":"required name=search_term_string"}],"inLanguage":"en-US"},{"@type":"WebPage","@id":"https:\/\/assinecarta.com.br\/#webpage","url":"https:\/\/assinecarta.com.br\/","name":"Assine CartaCapital - Assine CartaCapital","isPartOf":{"@id":"https:\/\/assinecarta.com.br\/#website"},"datePublished":"2022-05-30T16:36:25+00:00","dateModified":"2026-04-07T13:14:44+00:00","description":"Assine CartaCapital e tenha acesso a jornalismo independente, an\u00e1lises profundas e reportagens exclusivas. Planos digitais e impressos com benef\u00edcios especiais. Garanta j\u00e1 sua assinatura!","breadcrumb":{"@id":"https:\/\/assinecarta.com.br\/#breadcrumb"},"inLanguage":"en-US","potentialAction":[{"@type":"ReadAction","target":["https:\/\/assinecarta.com.br\/"]}]},{"@type":"BreadcrumbList","@id":"https:\/\/assinecarta.com.br\/#breadcrumb","itemListElement":[{"@type":"ListItem","position":1,"name":"Home","item":"https:\/\/assinecarta.com.br\/"},{"@type":"ListItem","position":2,"name":"Assine CartaCapital"}]}]}},"_links":{"self":[{"href":"https:\/\/assinecarta.com.br\/index.php\/wp-json\/wp\/v2\/pages\/9"}],"collection":[{"href":"https:\/\/assinecarta.com.br\/index.php\/wp-json\/wp\/v2\/pages"}],"about":[{"href":"https:\/\/assinecarta.com.br\/index.php\/wp-json\/wp\/v2\/types\/page"}],"author":[{"embeddable":true,"href":"https:\/\/assinecarta.com.br\/index.php\/wp-json\/wp\/v2\/users\/1"}],"replies":[{"embeddable":true,"href":"https:\/\/assinecarta.com.br\/index.php\/wp-json\/wp\/v2\/comments?post=9"}],"version-history":[{"count":340,"href":"https:\/\/assinecarta.com.br\/index.php\/wp-json\/wp\/v2\/pages\/9\/revisions"}],"predecessor-version":[{"id":753,"href":"https:\/\/assinecarta.com.br\/index.php\/wp-json\/wp\/v2\/pages\/9\/revisions\/753"}],"wp:attachment":[{"href":"https:\/\/assinecarta.com.br\/index.php\/wp-json\/wp\/v2\/media?parent=9"}],"curies":[{"name":"wp","href":"https:\/\/api.w.org\/{rel}","templated":true}]}}